{"id":384,"date":"2022-04-18T16:09:15","date_gmt":"2022-04-18T16:09:15","guid":{"rendered":"https:\/\/nucmag.live-website.com\/?page_id=384"},"modified":"2024-12-13T14:18:21","modified_gmt":"2024-12-13T14:18:21","slug":"impressum","status":"publish","type":"page","link":"https:\/\/nucmag.com\/en\/impressum\/","title":{"rendered":"imprint"},"content":{"rendered":"<h1>imprint<\/h1>\n<h2>Herausgeber und Redaktion<\/h2>\n<p>INFORUM Verlags- und Verwaltungsgesellschaft mbH<br \/>Berliner Stra\u00dfe 88 A<br \/>13467 Berlin<br \/>Fon: +49\u00a030 319 88 2 99<\/p>\n<p><a href=\"https:\/\/www.kernd.de\/kernd\/impressum\/#wEmpty\">info@kernd.de<\/a><\/p>\n<p>Aufsichtsratsvorsitzender: Thomas Seipolt<br \/>Gesch\u00e4ftsf\u00fchrer: Dr. Thomas Behringer<br \/>Sitz und Handelsregister: Berlin HRB 88477<br \/>USt-IdNr. DE 230112153<\/p>\n<h2><a href=\"https:\/\/www.navigate.de\/leistungen\/konzeption.html\" target=\"_blank\" rel=\"noopener\"><\/a><\/h2>\n<h2>Konzeption,\u00a0Design\u00a0and Programmierung<\/h2>\n<p><strong>Tin Man \u2013 Fotografie &amp; Online Marketing<\/strong><br \/><a href=\"http:\/\/www.tin-man.de\/\">www.tin-man.de<\/a><br \/><a href=\"mailto:mail@tin-man.de\">mail@tin-man.de<\/a><\/p>\n<h2>Bildnachweis<\/h2>\n<p>Die Bilder unter kernd.de sind urheberrechtlich gesch\u00fctzt.\u00a0<\/p>\n<p>Bildquellen u. a.: Adobe Stock; Framatome GmbH; GNS Gesellschaft f\u00fcr Nuklear-Service mbH; Getty Images; INFORUM GmbH; Karlsruhe Institut f\u00fcr Technologie (KIT); Kerntechnik Deutschland e. V. (Kernd); Kerntechnische Entsorgung Karlsruhe;\u00a0Photocase; Teollisuuden Voima Oy &#8211; TVO; Tin Man.<\/p>\n<h2>Disclaimer<\/h2>\n<h3>Inhalt<\/h3>\n<p>Das Internet-Angebot kernd.de (im Weiteren als Autor bezeichnet) \u00fcbernimmt keinerlei Gew\u00e4hr f\u00fcr die Aktualit\u00e4t, Richtigkeit, Vollst\u00e4ndigkeit oder Qualit\u00e4t der bereit gestellten Informationen. Haftungsanspr\u00fcche gegen\u00fcber dem Autor, welche sich auf jedwede Sch\u00e4den beziehen, die durch die Nutzung oder Nichtnutzung der dargebotenen Informationen bzw. durch die Nutzung fehlerhafter und unvollst\u00e4ndiger Informationen verursacht werden und wurden sind grunds\u00e4tzlich ausgeschlossen. Alle Angebote sind freibleibend und unverbindlich.<\/p>\n<h3>Urheber- und Kennzeichenrecht<\/h3>\n<p>Der Autor ist bestrebt, in allen Publikationen die Urheberrechte der verwendeten Grafiken, Tondokumente, Videosequenzen und Texte zu beachten, von ihm selbst erstellte Grafiken, Tondokumente, Videosequenzen und Texte zu nutzen oder auf lizenzfreie Grafiken, Tondokumente, Videosequenzen und Texte zur\u00fcckzugreifen.<br \/>Alle innerhalb des Internetangebotes genannten und ggf. durch Dritte gesch\u00fctzten Marken- und Warenzeichen unterliegen uneingeschr\u00e4nkt den Bestimmungen des jeweils g\u00fcltigen Kennzeichenrechts und den Besitzrechten der jeweiligen eingetragenen Eigent\u00fcmer. Das Copyright f\u00fcr ver\u00f6ffentlichte, vom Autor selbst erstellte Objekte bleibt allein beim Autor von kernenergie.de. Eine Vervielf\u00e4ltigung oder Verwendung solcher Objekte in anderen elektronischen oder gedruckten Publikationen ist ohne ausdr\u00fcckliche Zustimmung des Autors nicht gestattet.<\/p>\n<h3>Rechtswirksamkeit dieses Haftungsausschlusses<\/h3>\n<p>Dieser Haftungsausschluss ist als Teil des Internetangebotes kernd.de zu betrachten. Sofern Teile oder Formulierungen dieses Textes der geltenden Rechtslage nicht, nicht vollst\u00e4ndig oder in Zukunft teilweise oder ganz nicht entsprechen sollten, bleiben die \u00fcbrigen Teile dieses Haftungsausschlusses in ihrem Inhalt und ihrer G\u00fcltigkeit davon unber\u00fchrt. An Stelle tritt die jeweilig g\u00fcltige Rechtsvorschrift.<\/p>\n<div class=\"woocommerce woocommerce-gzd woocommerce-gzd-complaints-shortcode\">\n\t\t\t<h3>Alternative Dispute Resolution in accordance with Art. 14 (1) ODR-VO and \u00a7 36 VSBG:<\/h3>\n\t\nZur Teilnahme an einem Streitbeilegungsverfahren vor einer Verbraucherschlichtungsstelle sind wir nicht verpflichtet und nicht bereit.<\/div>","protected":false},"excerpt":{"rendered":"<p>Impressum Herausgeber und Redaktion INFORUM Verlags- und Verwaltungsgesellschaft mbHBerliner Stra\u00dfe 88 A13467 BerlinFon: +49\u00a030 319 88 2 99 info@kernd.de Aufsichtsratsvorsitzender: Thomas SeipoltGesch\u00e4ftsf\u00fchrer: Dr. Thomas BehringerSitz und Handelsregister: Berlin HRB 88477USt-IdNr. DE 230112153 Konzeption,\u00a0Design\u00a0and Programmierung Tin Man \u2013 Fotografie &amp; Online Marketingwww.tin-man.demail@tin-man.de Bildnachweis Die Bilder unter kernd.de sind urheberrechtlich gesch\u00fctzt.\u00a0 Bildquellen [&hellip;]<\/p>\n","protected":false},"author":2,"featured_media":0,"parent":0,"menu_order":0,"comment_status":"closed","ping_status":"closed","template":"page-templates\/template-pagebuilder-full-width.php","meta":{"footnotes":""},"class_list":["post-384","page","type-page","status-publish","hentry"],"aioseo_notices":[],"_links":{"self":[{"href":"https:\/\/nucmag.com\/en\/wp-json\/wp\/v2\/pages\/384","targetHints":{"allow":["GET"]}}],"collection":[{"href":"https:\/\/nucmag.com\/en\/wp-json\/wp\/v2\/pages"}],"about":[{"href":"https:\/\/nucmag.com\/en\/wp-json\/wp\/v2\/types\/page"}],"author":[{"embeddable":true,"href":"https:\/\/nucmag.com\/en\/wp-json\/wp\/v2\/users\/2"}],"replies":[{"embeddable":true,"href":"https:\/\/nucmag.com\/en\/wp-json\/wp\/v2\/comments?post=384"}],"version-history":[{"count":1,"href":"https:\/\/nucmag.com\/en\/wp-json\/wp\/v2\/pages\/384\/revisions"}],"predecessor-version":[{"id":818,"href":"https:\/\/nucmag.com\/en\/wp-json\/wp\/v2\/pages\/384\/revisions\/818"}],"wp:attachment":[{"href":"https:\/\/nucmag.com\/en\/wp-json\/wp\/v2\/media?parent=384"}],"curies":[{"name":"wp","href":"https:\/\/api.w.org\/{rel}","templated":true}]}}