{"id":228,"date":"2022-04-03T04:23:54","date_gmt":"2022-04-03T04:23:54","guid":{"rendered":"https:\/\/nucmag.live-website.com\/?post_type=product&#038;p=228"},"modified":"2022-04-03T05:49:20","modified_gmt":"2022-04-03T05:49:20","slug":"atw-januar-januar-2018","status":"publish","type":"product","link":"https:\/\/nucmag.com\/en\/product\/atw-januar-januar-2018\/","title":{"rendered":"atw Januar Januar 2018"},"content":{"rendered":"<div class=\"elementStandard elementContent elementHeadline elementHeadline_var0\" id=\"anchor_fe7f3ec5_Themen\">\n<div class=\"elementStandard elementContent elementHeadline elementHeadline_var0\" id=\"anchor_b9d84786_Themen\">\n<div class=\"elementStandard elementContent elementHeadline elementHeadline_var0\" id=\"anchor_b9d84786_Themen\">\n<h3>Themen<\/h3>\n<\/div>\n<div class=\"elementStandard elementContent elementText elementText_var0\">\n<ul>\n<li><span>ETSON Strategische Ausrichtung f\u00fcr Forschungsaktivit\u00e4ten<\/span><\/li>\n<li><span>Eurosafe 2017<\/span><\/li>\n<li><span>Nukleare Sicherheit, Gefahrenabwehr und Safeguards<\/span><\/li>\n<li><span>Freigabe oberfl\u00e4chenkontaminierter Objekte<\/span><\/li>\n<li><span>Newcomer f\u00fchrt die Kernenergie in das Neue Jahr<\/span><\/li>\n<\/ul>\n<p><a href=\"https:\/\/www.yumpu.com\/de\/document\/view\/59683838\/atw-2018-1\/6\">Im Heft bl\u00e4ttern<\/a><\/p>\n<\/div>\n<\/div>\n<\/div>\n<div class=\"elementStandard elementContent elementText elementText_var0\"><\/div>","protected":false},"excerpt":{"rendered":"<p>Themen ETSON Strategische Ausrichtung f\u00fcr Forschungsaktivit\u00e4ten Eurosafe 2017 Nukleare Sicherheit, Gefahrenabwehr und Safeguards Freigabe oberfl\u00e4chenkontaminierter Objekte Newcomer f\u00fchrt die Kernenergie in das Neue Jahr Im Heft bl\u00e4ttern<\/p>","protected":false},"featured_media":219,"template":"","meta":[],"product_brand":[],"product_cat":[34],"product_tag":[],"class_list":{"0":"post-228","1":"product","2":"type-product","3":"status-publish","4":"has-post-thumbnail","6":"product_cat-themen-und-hefte-2018","8":"first","9":"instock","10":"taxable","11":"shipping-taxable","12":"purchasable","13":"product-type-simple"},"aioseo_notices":[],"_links":{"self":[{"href":"https:\/\/nucmag.com\/en\/wp-json\/wp\/v2\/product\/228","targetHints":{"allow":["GET"]}}],"collection":[{"href":"https:\/\/nucmag.com\/en\/wp-json\/wp\/v2\/product"}],"about":[{"href":"https:\/\/nucmag.com\/en\/wp-json\/wp\/v2\/types\/product"}],"wp:featuredmedia":[{"embeddable":true,"href":"https:\/\/nucmag.com\/en\/wp-json\/wp\/v2\/media\/219"}],"wp:attachment":[{"href":"https:\/\/nucmag.com\/en\/wp-json\/wp\/v2\/media?parent=228"}],"wp:term":[{"taxonomy":"product_brand","embeddable":true,"href":"https:\/\/nucmag.com\/en\/wp-json\/wp\/v2\/product_brand?post=228"},{"taxonomy":"product_cat","embeddable":true,"href":"https:\/\/nucmag.com\/en\/wp-json\/wp\/v2\/product_cat?post=228"},{"taxonomy":"product_tag","embeddable":true,"href":"https:\/\/nucmag.com\/en\/wp-json\/wp\/v2\/product_tag?post=228"}],"curies":[{"name":"wp","href":"https:\/\/api.w.org\/{rel}","templated":true}]}}