{"id":229,"date":"2022-04-03T04:27:43","date_gmt":"2022-04-03T04:27:43","guid":{"rendered":"https:\/\/nucmag.live-website.com\/?post_type=product&#038;p=229"},"modified":"2022-04-03T06:01:30","modified_gmt":"2022-04-03T06:01:30","slug":"atw-januar-februar-2018","status":"publish","type":"product","link":"https:\/\/nucmag.com\/en\/product\/atw-januar-februar-2018\/","title":{"rendered":"atw Februar 2018"},"content":{"rendered":"<div class=\"elementStandard elementContent elementHeadline elementHeadline_var0\" id=\"anchor_fe7f3ec5_Themen\">\n<div class=\"elementStandard elementContent elementHeadline elementHeadline_var0\" id=\"anchor_b9d84786_Themen\">\n<div class=\"elementStandard elementContent elementHeadline elementHeadline_var0\" id=\"anchor_b9d84786_Themen\">\n<h3>Themen<\/h3>\n<\/div>\n<div class=\"elementStandard elementContent elementText elementText_var0\">\n<ul>\n<li><span>Entwicklung des gasgek\u00fchlten Hochtemperaturreaktors in China<\/span><\/li>\n<li><span>Untersuchungen zu schweren St\u00f6rf\u00e4llen<\/span><\/li>\n<li><span>Knowledge Management und TRIZ<\/span><\/li>\n<li><span>Korrosionprozesse legierter St\u00e4hle in Salzl\u00f6sungen<\/span><\/li>\n<li><span>Mit der Kernenergie zu spielen ist Teil der Politik<\/span><\/li>\n<\/ul>\n<p><a href=\"https:\/\/www.yumpu.com\/en\/document\/view\/59814437\/atw-2018-02\/6\">Im Heft bl\u00e4ttern<\/a><\/p>\n<\/div>\n<\/div>\n<\/div>\n<div class=\"elementStandard elementContent elementText elementText_var0\"><\/div>","protected":false},"excerpt":{"rendered":"<p>Themen Entwicklung des gasgek\u00fchlten Hochtemperaturreaktors in China Untersuchungen zu schweren St\u00f6rf\u00e4llen Knowledge Management und TRIZ Korrosionprozesse legierter St\u00e4hle in Salzl\u00f6sungen Mit der Kernenergie zu spielen ist Teil der Politik Im Heft bl\u00e4ttern<\/p>","protected":false},"featured_media":220,"template":"","meta":[],"product_brand":[],"product_cat":[34],"product_tag":[],"class_list":{"0":"post-229","1":"product","2":"type-product","3":"status-publish","4":"has-post-thumbnail","6":"product_cat-themen-und-hefte-2018","8":"first","9":"instock","10":"taxable","11":"shipping-taxable","12":"purchasable","13":"product-type-simple"},"aioseo_notices":[],"_links":{"self":[{"href":"https:\/\/nucmag.com\/en\/wp-json\/wp\/v2\/product\/229","targetHints":{"allow":["GET"]}}],"collection":[{"href":"https:\/\/nucmag.com\/en\/wp-json\/wp\/v2\/product"}],"about":[{"href":"https:\/\/nucmag.com\/en\/wp-json\/wp\/v2\/types\/product"}],"wp:featuredmedia":[{"embeddable":true,"href":"https:\/\/nucmag.com\/en\/wp-json\/wp\/v2\/media\/220"}],"wp:attachment":[{"href":"https:\/\/nucmag.com\/en\/wp-json\/wp\/v2\/media?parent=229"}],"wp:term":[{"taxonomy":"product_brand","embeddable":true,"href":"https:\/\/nucmag.com\/en\/wp-json\/wp\/v2\/product_brand?post=229"},{"taxonomy":"product_cat","embeddable":true,"href":"https:\/\/nucmag.com\/en\/wp-json\/wp\/v2\/product_cat?post=229"},{"taxonomy":"product_tag","embeddable":true,"href":"https:\/\/nucmag.com\/en\/wp-json\/wp\/v2\/product_tag?post=229"}],"curies":[{"name":"wp","href":"https:\/\/api.w.org\/{rel}","templated":true}]}}