{"id":230,"date":"2022-04-03T04:30:46","date_gmt":"2022-04-03T04:30:46","guid":{"rendered":"https:\/\/nucmag.live-website.com\/?post_type=product&#038;p=230"},"modified":"2022-04-03T06:01:21","modified_gmt":"2022-04-03T06:01:21","slug":"atw-maerz-2018","status":"publish","type":"product","link":"https:\/\/nucmag.com\/en\/product\/atw-maerz-2018\/","title":{"rendered":"atw M\u00e4rz 2018"},"content":{"rendered":"<div class=\"elementStandard elementContent elementHeadline elementHeadline_var0\" id=\"anchor_fe7f3ec5_Themen\">\n<div class=\"elementStandard elementContent elementHeadline elementHeadline_var0\" id=\"anchor_b9d84786_Themen\">\n<div class=\"elementStandard elementContent elementHeadline elementHeadline_var0\" id=\"anchor_b9d84786_Themen\">\n<h3>Themen<\/h3>\n<\/div>\n<div class=\"elementStandard elementContent elementText elementText_var0\">\n<ul>\n<li><span>Kernenergietechnologien f\u00fcr die Arktis<\/span><\/li>\n<li><span>US-Regulierungsbeh\u00f6rden lehnen Vorschlag zur Subventionierung von Kern- und Kohlekraftwerken ab<\/span><\/li>\n<li><span>Integrierte risikogerechte Entscheidungsfindung f\u00fcr Kernreaktoren<\/span><\/li>\n<li><span>Untersuchungen zum Geometrieeinfluss von Hartmetalllamellen beim Betonfr\u00e4sen<\/span><\/li>\n<li><span>Kernkraftwerke: 2017 atw Kompaktstatistik<\/span><\/li>\n<\/ul>\n<p><a href=\"https:\/\/www.yumpu.com\/en\/document\/view\/59875260\/atw-2018-03v6\/6\">Im Heft bl\u00e4ttern<\/a><\/p>\n<\/div>\n<\/div>\n<\/div>\n<div class=\"elementStandard elementContent elementText elementText_var0\"><\/div>","protected":false},"excerpt":{"rendered":"<p>Themen Kernenergietechnologien f\u00fcr die Arktis US-Regulierungsbeh\u00f6rden lehnen Vorschlag zur Subventionierung von Kern- und Kohlekraftwerken ab Integrierte risikogerechte Entscheidungsfindung f\u00fcr Kernreaktoren Untersuchungen zum Geometrieeinfluss von Hartmetalllamellen beim Betonfr\u00e4sen Kernkraftwerke: 2017 atw Kompaktstatistik Im Heft bl\u00e4ttern<\/p>","protected":false},"featured_media":221,"template":"","meta":[],"product_brand":[],"product_cat":[34],"product_tag":[],"class_list":{"0":"post-230","1":"product","2":"type-product","3":"status-publish","4":"has-post-thumbnail","6":"product_cat-themen-und-hefte-2018","8":"first","9":"instock","10":"taxable","11":"shipping-taxable","12":"purchasable","13":"product-type-simple"},"aioseo_notices":[],"_links":{"self":[{"href":"https:\/\/nucmag.com\/en\/wp-json\/wp\/v2\/product\/230","targetHints":{"allow":["GET"]}}],"collection":[{"href":"https:\/\/nucmag.com\/en\/wp-json\/wp\/v2\/product"}],"about":[{"href":"https:\/\/nucmag.com\/en\/wp-json\/wp\/v2\/types\/product"}],"wp:featuredmedia":[{"embeddable":true,"href":"https:\/\/nucmag.com\/en\/wp-json\/wp\/v2\/media\/221"}],"wp:attachment":[{"href":"https:\/\/nucmag.com\/en\/wp-json\/wp\/v2\/media?parent=230"}],"wp:term":[{"taxonomy":"product_brand","embeddable":true,"href":"https:\/\/nucmag.com\/en\/wp-json\/wp\/v2\/product_brand?post=230"},{"taxonomy":"product_cat","embeddable":true,"href":"https:\/\/nucmag.com\/en\/wp-json\/wp\/v2\/product_cat?post=230"},{"taxonomy":"product_tag","embeddable":true,"href":"https:\/\/nucmag.com\/en\/wp-json\/wp\/v2\/product_tag?post=230"}],"curies":[{"name":"wp","href":"https:\/\/api.w.org\/{rel}","templated":true}]}}