{"id":231,"date":"2022-04-03T04:33:32","date_gmt":"2022-04-03T04:33:32","guid":{"rendered":"https:\/\/nucmag.live-website.com\/?post_type=product&#038;p=231"},"modified":"2022-04-03T06:01:15","modified_gmt":"2022-04-03T06:01:15","slug":"atw-april-2018","status":"publish","type":"product","link":"https:\/\/nucmag.com\/en\/product\/atw-april-2018\/","title":{"rendered":"atw April 2018"},"content":{"rendered":"<div class=\"elementStandard elementContent elementHeadline elementHeadline_var0\" id=\"anchor_fe7f3ec5_Themen\">\n<div class=\"elementStandard elementContent elementHeadline elementHeadline_var0\" id=\"anchor_b9d84786_Themen\">\n<div class=\"elementStandard elementContent elementHeadline elementHeadline_var0\" id=\"anchor_b9d84786_Themen\">\n<h3>Themen<\/h3>\n<\/div>\n<div class=\"elementStandard elementContent elementText elementText_var0\">\n<ul>\n<li><span>W\u00e4rme\u00fcbertragungssysteme f\u00fcr zuk\u00fcnftige Kernkraftwerkskonzepte<\/span><\/li>\n<li><span>Sicherheitsforschung zu GEN-IV-Reaktoren<\/span><\/li>\n<li><span>Numerische Analyse des MYRRHA-Projekts<\/span><\/li>\n<li><span>Passive W\u00e4rmeabfuhrsysteme<\/span><\/li>\n<li><span>H\u00e4ssliche\u201c Kernenergie verdient eine politische Neubewertung<\/span><\/li>\n<\/ul>\n<p><a href=\"https:\/\/www.yumpu.com\/en\/document\/view\/59928757\/atw-2018-04v6\/6\">Im Heft bl\u00e4ttern<\/a><\/p>\n<\/div>\n<\/div>\n<\/div>\n<div class=\"elementStandard elementContent elementText elementText_var0\"><\/div>","protected":false},"excerpt":{"rendered":"<p>Themen W\u00e4rme\u00fcbertragungssysteme f\u00fcr zuk\u00fcnftige Kernkraftwerkskonzepte Sicherheitsforschung zu GEN-IV-Reaktoren Numerische Analyse des MYRRHA-Projekts Passive W\u00e4rmeabfuhrsysteme H\u00e4ssliche\u201c Kernenergie verdient eine politische Neubewertung Im Heft bl\u00e4ttern<\/p>","protected":false},"featured_media":222,"template":"","meta":[],"product_brand":[],"product_cat":[34],"product_tag":[],"class_list":{"0":"post-231","1":"product","2":"type-product","3":"status-publish","4":"has-post-thumbnail","6":"product_cat-themen-und-hefte-2018","8":"first","9":"instock","10":"taxable","11":"shipping-taxable","12":"purchasable","13":"product-type-simple"},"aioseo_notices":[],"_links":{"self":[{"href":"https:\/\/nucmag.com\/en\/wp-json\/wp\/v2\/product\/231","targetHints":{"allow":["GET"]}}],"collection":[{"href":"https:\/\/nucmag.com\/en\/wp-json\/wp\/v2\/product"}],"about":[{"href":"https:\/\/nucmag.com\/en\/wp-json\/wp\/v2\/types\/product"}],"wp:featuredmedia":[{"embeddable":true,"href":"https:\/\/nucmag.com\/en\/wp-json\/wp\/v2\/media\/222"}],"wp:attachment":[{"href":"https:\/\/nucmag.com\/en\/wp-json\/wp\/v2\/media?parent=231"}],"wp:term":[{"taxonomy":"product_brand","embeddable":true,"href":"https:\/\/nucmag.com\/en\/wp-json\/wp\/v2\/product_brand?post=231"},{"taxonomy":"product_cat","embeddable":true,"href":"https:\/\/nucmag.com\/en\/wp-json\/wp\/v2\/product_cat?post=231"},{"taxonomy":"product_tag","embeddable":true,"href":"https:\/\/nucmag.com\/en\/wp-json\/wp\/v2\/product_tag?post=231"}],"curies":[{"name":"wp","href":"https:\/\/api.w.org\/{rel}","templated":true}]}}