{"id":237,"date":"2022-04-03T04:49:30","date_gmt":"2022-04-03T04:49:30","guid":{"rendered":"https:\/\/nucmag.live-website.com\/?post_type=product&#038;p=237"},"modified":"2022-04-03T06:00:31","modified_gmt":"2022-04-03T06:00:31","slug":"atw-dezember-2017","status":"publish","type":"product","link":"https:\/\/nucmag.com\/en\/product\/atw-dezember-2017\/","title":{"rendered":"atw Dezember 2017"},"content":{"rendered":"<div class=\"elementStandard elementContent elementHeadline elementHeadline_var0\" id=\"anchor_fe7f3ec5_Themen\">\n<div class=\"elementStandard elementContent elementHeadline elementHeadline_var0\" id=\"anchor_b9d84786_Themen\">\n<div class=\"elementStandard elementContent elementHeadline elementHeadline_var0\" id=\"anchor_b9d84786_Themen\">\n<h3>Themen<\/h3>\n<\/div>\n<div class=\"elementStandard elementContent elementText elementText_var0\">\n<ul>\n<li><span>DataBank: Auf dem Weg zu einer neuen wissenschaftlichen Managementmethodi<\/span><\/li>\n<li><span>Die Kosten von SMR<\/span><\/li>\n<li><span>Die dreifache Wirkung des CO<\/span><\/li>\n<li><span>Analyse der In-Vessel-Phase f\u00fcr die SAM-Strategie<\/span><br \/>\n<span><\/span><\/li>\n<li><span>Aussichten f\u00fcr Investitionen im energiehungrigen Afrika<\/span><\/li>\n<\/ul>\n<p><a href=\"https:\/\/www.yumpu.com\/en\/document\/view\/59585561\/atw-2017-12\/6\">Im Heft bl\u00e4ttern<\/a><\/p>\n<\/div>\n<\/div>\n<\/div>\n<div class=\"elementStandard elementContent elementText elementText_var0\"><\/div>","protected":false},"excerpt":{"rendered":"<p>Themen DataBank: Auf dem Weg zu einer neuen wissenschaftlichen Managementmethodi Die Kosten von SMR Die dreifache Wirkung des CO Analyse der In-Vessel-Phase f\u00fcr die SAM-Strategie Aussichten f\u00fcr Investitionen im energiehungrigen Afrika Im Heft bl\u00e4ttern<\/p>","protected":false},"featured_media":208,"template":"","meta":[],"product_brand":[],"product_cat":[35],"product_tag":[],"class_list":{"0":"post-237","1":"product","2":"type-product","3":"status-publish","4":"has-post-thumbnail","6":"product_cat-themen-und-hefte-2017","8":"first","9":"instock","10":"taxable","11":"shipping-taxable","12":"purchasable","13":"product-type-simple"},"aioseo_notices":[],"_links":{"self":[{"href":"https:\/\/nucmag.com\/en\/wp-json\/wp\/v2\/product\/237","targetHints":{"allow":["GET"]}}],"collection":[{"href":"https:\/\/nucmag.com\/en\/wp-json\/wp\/v2\/product"}],"about":[{"href":"https:\/\/nucmag.com\/en\/wp-json\/wp\/v2\/types\/product"}],"wp:featuredmedia":[{"embeddable":true,"href":"https:\/\/nucmag.com\/en\/wp-json\/wp\/v2\/media\/208"}],"wp:attachment":[{"href":"https:\/\/nucmag.com\/en\/wp-json\/wp\/v2\/media?parent=237"}],"wp:term":[{"taxonomy":"product_brand","embeddable":true,"href":"https:\/\/nucmag.com\/en\/wp-json\/wp\/v2\/product_brand?post=237"},{"taxonomy":"product_cat","embeddable":true,"href":"https:\/\/nucmag.com\/en\/wp-json\/wp\/v2\/product_cat?post=237"},{"taxonomy":"product_tag","embeddable":true,"href":"https:\/\/nucmag.com\/en\/wp-json\/wp\/v2\/product_tag?post=237"}],"curies":[{"name":"wp","href":"https:\/\/api.w.org\/{rel}","templated":true}]}}