{"id":238,"date":"2022-04-03T04:53:18","date_gmt":"2022-04-03T04:53:18","guid":{"rendered":"https:\/\/nucmag.live-website.com\/?post_type=product&#038;p=238"},"modified":"2022-04-03T06:11:23","modified_gmt":"2022-04-03T06:11:23","slug":"atw-november-2017","status":"publish","type":"product","link":"https:\/\/nucmag.com\/en\/product\/atw-november-2017\/","title":{"rendered":"atw November 2017"},"content":{"rendered":"<div class=\"elementStandard elementContent elementHeadline elementHeadline_var0\" id=\"anchor_fe7f3ec5_Themen\">\n<div class=\"elementStandard elementContent elementHeadline elementHeadline_var0\" id=\"anchor_b9d84786_Themen\">\n<div class=\"elementStandard elementContent elementHeadline elementHeadline_var0\" id=\"anchor_b9d84786_Themen\">\n<h3>Themen<\/h3>\n<\/div>\n<div class=\"elementStandard elementContent elementText elementText_var0\">\n<ul>\n<li><span>\u00dcberarbeitung von Endlagerungsdokumentation<\/span><br \/>\n<span><\/span><\/li>\n<li><span>Die Zukunft der Kernenergie in Spanien<\/span><br \/>\n<span><\/span><\/li>\n<li><span>Optimierung der Zerlegung von Reaktordruckbeh\u00e4ltereinbauten in Korea<\/span><br \/>\n<span><\/span><\/li>\n<li><span>Zur Umsetzung des Entsorgungs\u00fcbergangsgesetzes<\/span><br \/>\n<span><\/span><\/li>\n<li><span>Zertifizierungsstellen f\u00fcr Managementsysteme in der Energiewirtschaft<\/span><\/li>\n<\/ul>\n<p>Im Heft bl\u00e4ttern<\/p>\n<\/div>\n<\/div>\n<\/div>\n<div class=\"elementStandard elementContent elementText elementText_var0\"><\/div>","protected":false},"excerpt":{"rendered":"<p>Themen \u00dcberarbeitung von Endlagerungsdokumentation Die Zukunft der Kernenergie in Spanien Optimierung der Zerlegung von Reaktordruckbeh\u00e4ltereinbauten in Korea Zur Umsetzung des Entsorgungs\u00fcbergangsgesetzes Zertifizierungsstellen f\u00fcr Managementsysteme in der Energiewirtschaft Im Heft bl\u00e4ttern<\/p>","protected":false},"featured_media":218,"template":"","meta":[],"product_brand":[],"product_cat":[35],"product_tag":[],"class_list":{"0":"post-238","1":"product","2":"type-product","3":"status-publish","4":"has-post-thumbnail","6":"product_cat-themen-und-hefte-2017","8":"first","9":"instock","10":"taxable","11":"shipping-taxable","12":"purchasable","13":"product-type-simple"},"aioseo_notices":[],"_links":{"self":[{"href":"https:\/\/nucmag.com\/en\/wp-json\/wp\/v2\/product\/238","targetHints":{"allow":["GET"]}}],"collection":[{"href":"https:\/\/nucmag.com\/en\/wp-json\/wp\/v2\/product"}],"about":[{"href":"https:\/\/nucmag.com\/en\/wp-json\/wp\/v2\/types\/product"}],"wp:featuredmedia":[{"embeddable":true,"href":"https:\/\/nucmag.com\/en\/wp-json\/wp\/v2\/media\/218"}],"wp:attachment":[{"href":"https:\/\/nucmag.com\/en\/wp-json\/wp\/v2\/media?parent=238"}],"wp:term":[{"taxonomy":"product_brand","embeddable":true,"href":"https:\/\/nucmag.com\/en\/wp-json\/wp\/v2\/product_brand?post=238"},{"taxonomy":"product_cat","embeddable":true,"href":"https:\/\/nucmag.com\/en\/wp-json\/wp\/v2\/product_cat?post=238"},{"taxonomy":"product_tag","embeddable":true,"href":"https:\/\/nucmag.com\/en\/wp-json\/wp\/v2\/product_tag?post=238"}],"curies":[{"name":"wp","href":"https:\/\/api.w.org\/{rel}","templated":true}]}}