{"id":239,"date":"2022-04-03T05:00:36","date_gmt":"2022-04-03T05:00:36","guid":{"rendered":"https:\/\/nucmag.live-website.com\/?post_type=product&#038;p=239"},"modified":"2022-04-03T06:00:03","modified_gmt":"2022-04-03T06:00:03","slug":"atw-oktober-2017","status":"publish","type":"product","link":"https:\/\/nucmag.com\/en\/product\/atw-oktober-2017\/","title":{"rendered":"atw Oktober 2017"},"content":{"rendered":"<div class=\"elementStandard elementContent elementHeadline elementHeadline_var0\" id=\"anchor_fe7f3ec5_Themen\">\n<div class=\"elementStandard elementContent elementHeadline elementHeadline_var0\" id=\"anchor_b9d84786_Themen\">\n<div class=\"elementStandard elementContent elementHeadline elementHeadline_var0\" id=\"anchor_b9d84786_Themen\">\n<h3>Themen<\/h3>\n<\/div>\n<div class=\"elementStandard elementContent elementText elementText_var0\">\n<ul>\n<li><span>EURATOM: Ergebnisse und Herausforderungen<\/span><br \/>\n<span><\/span><\/li>\n<li><span>Nachhaltiger Betrieb von Forschungsreaktoren<\/span><br \/>\n<span><\/span><\/li>\n<li><span>Seismische Gef\u00e4hrdungsbeurteilung f\u00fcr einen Forschungsreaktor<\/span><br \/>\n<span><\/span><\/li>\n<li><span>Entsorgung von radioaktiven Abf\u00e4llen in S\u00fcdkorea<\/span><br \/>\n<span><\/span><\/li>\n<li><span>AMNT 2017: Workshop Kompetenzerhalt in der Kerntechnik<\/span><\/li>\n<\/ul>\n<p>Im Heft bl\u00e4ttern<\/p>\n<\/div>\n<\/div>\n<\/div>\n<div class=\"elementStandard elementContent elementText elementText_var0\"><\/div>","protected":false},"excerpt":{"rendered":"<p>Themen EURATOM: Ergebnisse und Herausforderungen Nachhaltiger Betrieb von Forschungsreaktoren Seismische Gef\u00e4hrdungsbeurteilung f\u00fcr einen Forschungsreaktor Entsorgung von radioaktiven Abf\u00e4llen in S\u00fcdkorea AMNT 2017: Workshop Kompetenzerhalt in der Kerntechnik Im Heft bl\u00e4ttern<\/p>","protected":false},"featured_media":216,"template":"","meta":[],"product_brand":[],"product_cat":[35],"product_tag":[],"class_list":{"0":"post-239","1":"product","2":"type-product","3":"status-publish","4":"has-post-thumbnail","6":"product_cat-themen-und-hefte-2017","8":"first","9":"instock","10":"taxable","11":"shipping-taxable","12":"purchasable","13":"product-type-simple"},"aioseo_notices":[],"_links":{"self":[{"href":"https:\/\/nucmag.com\/en\/wp-json\/wp\/v2\/product\/239","targetHints":{"allow":["GET"]}}],"collection":[{"href":"https:\/\/nucmag.com\/en\/wp-json\/wp\/v2\/product"}],"about":[{"href":"https:\/\/nucmag.com\/en\/wp-json\/wp\/v2\/types\/product"}],"wp:featuredmedia":[{"embeddable":true,"href":"https:\/\/nucmag.com\/en\/wp-json\/wp\/v2\/media\/216"}],"wp:attachment":[{"href":"https:\/\/nucmag.com\/en\/wp-json\/wp\/v2\/media?parent=239"}],"wp:term":[{"taxonomy":"product_brand","embeddable":true,"href":"https:\/\/nucmag.com\/en\/wp-json\/wp\/v2\/product_brand?post=239"},{"taxonomy":"product_cat","embeddable":true,"href":"https:\/\/nucmag.com\/en\/wp-json\/wp\/v2\/product_cat?post=239"},{"taxonomy":"product_tag","embeddable":true,"href":"https:\/\/nucmag.com\/en\/wp-json\/wp\/v2\/product_tag?post=239"}],"curies":[{"name":"wp","href":"https:\/\/api.w.org\/{rel}","templated":true}]}}