{"id":241,"date":"2022-04-03T05:03:17","date_gmt":"2022-04-03T05:03:17","guid":{"rendered":"https:\/\/nucmag.live-website.com\/?post_type=product&#038;p=241"},"modified":"2022-04-03T05:59:51","modified_gmt":"2022-04-03T05:59:51","slug":"atw-juli-2017","status":"publish","type":"product","link":"https:\/\/nucmag.com\/en\/product\/atw-juli-2017\/","title":{"rendered":"atw Juli 2017"},"content":{"rendered":"<div class=\"elementStandard elementContent elementHeadline elementHeadline_var0\" id=\"anchor_fe7f3ec5_Themen\">\n<div class=\"elementStandard elementContent elementHeadline elementHeadline_var0\" id=\"anchor_b9d84786_Themen\">\n<div class=\"elementStandard elementContent elementHeadline elementHeadline_var0\" id=\"anchor_b9d84786_Themen\">\n<h3>Themen<\/h3>\n<\/div>\n<div class=\"elementStandard elementContent elementText elementText_var0\">\n<ul>\n<li><span>Ausstieg Gro\u00dfbritanniens aus EU und Euratom<\/span><br \/>\n<span><\/span><\/li>\n<li><span>Kernelemente der Schwerst\u00f6rfall-Managements<\/span><br \/>\n<span><\/span><\/li>\n<li><span>Analyse von Brandszenarien<\/span><br \/>\n<span><\/span><\/li>\n<li><span>Kernkraftwerke: 2016 atw Schnellstatistik<\/span><\/li>\n<\/ul>\n<p>Im Heft bl\u00e4ttern<\/p>\n<\/div>\n<\/div>\n<\/div>\n<div class=\"elementStandard elementContent elementText elementText_var0\"><\/div>","protected":false},"excerpt":{"rendered":"<p>Themen Ausstieg Gro\u00dfbritanniens aus EU und Euratom Kernelemente der Schwerst\u00f6rfall-Managements Analyse von Brandszenarien Kernkraftwerke: 2016 atw Schnellstatistik Im Heft bl\u00e4ttern<\/p>","protected":false},"featured_media":214,"template":"","meta":[],"product_brand":[],"product_cat":[35],"product_tag":[],"class_list":{"0":"post-241","1":"product","2":"type-product","3":"status-publish","4":"has-post-thumbnail","6":"product_cat-themen-und-hefte-2017","8":"first","9":"instock","10":"taxable","11":"shipping-taxable","12":"purchasable","13":"product-type-simple"},"aioseo_notices":[],"_links":{"self":[{"href":"https:\/\/nucmag.com\/en\/wp-json\/wp\/v2\/product\/241","targetHints":{"allow":["GET"]}}],"collection":[{"href":"https:\/\/nucmag.com\/en\/wp-json\/wp\/v2\/product"}],"about":[{"href":"https:\/\/nucmag.com\/en\/wp-json\/wp\/v2\/types\/product"}],"wp:featuredmedia":[{"embeddable":true,"href":"https:\/\/nucmag.com\/en\/wp-json\/wp\/v2\/media\/214"}],"wp:attachment":[{"href":"https:\/\/nucmag.com\/en\/wp-json\/wp\/v2\/media?parent=241"}],"wp:term":[{"taxonomy":"product_brand","embeddable":true,"href":"https:\/\/nucmag.com\/en\/wp-json\/wp\/v2\/product_brand?post=241"},{"taxonomy":"product_cat","embeddable":true,"href":"https:\/\/nucmag.com\/en\/wp-json\/wp\/v2\/product_cat?post=241"},{"taxonomy":"product_tag","embeddable":true,"href":"https:\/\/nucmag.com\/en\/wp-json\/wp\/v2\/product_tag?post=241"}],"curies":[{"name":"wp","href":"https:\/\/api.w.org\/{rel}","templated":true}]}}