{"id":243,"date":"2022-04-03T05:05:25","date_gmt":"2022-04-03T05:05:25","guid":{"rendered":"https:\/\/nucmag.live-website.com\/?post_type=product&#038;p=243"},"modified":"2022-04-03T05:59:39","modified_gmt":"2022-04-03T05:59:39","slug":"atw-mai-2017","status":"publish","type":"product","link":"https:\/\/nucmag.com\/en\/product\/atw-mai-2017\/","title":{"rendered":"atw Mai 2017"},"content":{"rendered":"<div class=\"elementStandard elementContent elementHeadline elementHeadline_var0\" id=\"anchor_fe7f3ec5_Themen\">\n<div class=\"elementStandard elementContent elementHeadline elementHeadline_var0\" id=\"anchor_b9d84786_Themen\">\n<div class=\"elementStandard elementContent elementHeadline elementHeadline_var0\" id=\"anchor_b9d84786_Themen\">\n<h3>Themen<\/h3>\n<\/div>\n<div class=\"elementStandard elementContent elementText elementText_var0\">\n<ul>\n<li><span>Globale Perspektiven der Kernenergie<\/span><br \/>\n<span>Externe Effekte eines Kernenergie-Wissenschaftskomplexes<\/span><br \/>\n<span>Reaktivit\u00e4tsr\u00fcckwirkung von Pakistan Research Reactor-1<\/span><br \/>\n<span>Cyber-Sicherheit und die Nuklearindustrie<\/span><\/li>\n<\/ul>\n<p>Im Heft bl\u00e4ttern<\/p>\n<\/div>\n<\/div>\n<\/div>\n<div class=\"elementStandard elementContent elementText elementText_var0\"><\/div>","protected":false},"excerpt":{"rendered":"<p>Themen Globale Perspektiven der Kernenergie Externe Effekte eines Kernenergie-Wissenschaftskomplexes Reaktivit\u00e4tsr\u00fcckwirkung von Pakistan Research Reactor-1 Cyber-Sicherheit und die Nuklearindustrie Im Heft bl\u00e4ttern<\/p>","protected":false},"featured_media":212,"template":"","meta":[],"product_brand":[],"product_cat":[35],"product_tag":[],"class_list":{"0":"post-243","1":"product","2":"type-product","3":"status-publish","4":"has-post-thumbnail","6":"product_cat-themen-und-hefte-2017","8":"first","9":"instock","10":"taxable","11":"shipping-taxable","12":"purchasable","13":"product-type-simple"},"aioseo_notices":[],"_links":{"self":[{"href":"https:\/\/nucmag.com\/en\/wp-json\/wp\/v2\/product\/243","targetHints":{"allow":["GET"]}}],"collection":[{"href":"https:\/\/nucmag.com\/en\/wp-json\/wp\/v2\/product"}],"about":[{"href":"https:\/\/nucmag.com\/en\/wp-json\/wp\/v2\/types\/product"}],"wp:featuredmedia":[{"embeddable":true,"href":"https:\/\/nucmag.com\/en\/wp-json\/wp\/v2\/media\/212"}],"wp:attachment":[{"href":"https:\/\/nucmag.com\/en\/wp-json\/wp\/v2\/media?parent=243"}],"wp:term":[{"taxonomy":"product_brand","embeddable":true,"href":"https:\/\/nucmag.com\/en\/wp-json\/wp\/v2\/product_brand?post=243"},{"taxonomy":"product_cat","embeddable":true,"href":"https:\/\/nucmag.com\/en\/wp-json\/wp\/v2\/product_cat?post=243"},{"taxonomy":"product_tag","embeddable":true,"href":"https:\/\/nucmag.com\/en\/wp-json\/wp\/v2\/product_tag?post=243"}],"curies":[{"name":"wp","href":"https:\/\/api.w.org\/{rel}","templated":true}]}}