{"id":245,"date":"2022-04-03T05:07:37","date_gmt":"2022-04-03T05:07:37","guid":{"rendered":"https:\/\/nucmag.live-website.com\/?post_type=product&#038;p=245"},"modified":"2022-04-03T05:59:24","modified_gmt":"2022-04-03T05:59:24","slug":"atw-maerz-2017","status":"publish","type":"product","link":"https:\/\/nucmag.com\/en\/product\/atw-maerz-2017\/","title":{"rendered":"atw M\u00e4rz 2017"},"content":{"rendered":"<div class=\"elementStandard elementContent elementHeadline elementHeadline_var0\" id=\"anchor_fe7f3ec5_Themen\">\n<div class=\"elementStandard elementContent elementHeadline elementHeadline_var0\" id=\"anchor_b9d84786_Themen\">\n<div class=\"elementStandard elementContent elementHeadline elementHeadline_var0\" id=\"anchor_b9d84786_Themen\">\n<h3>Themen<\/h3>\n<\/div>\n<div class=\"elementStandard elementContent elementText elementText_var0\">\n<ul>\n<li><span>Analyse der gefilterten Containmententlastung<\/span><br \/>\n<span><\/span><\/li>\n<li><span>Verbesserung der automatisierten Lastflexibilit\u00e4t von KKWs mit ALFC<\/span><br \/>\n<span><\/span><\/li>\n<li><span>Endlagerung hochradioaktiver Abf\u00e4lle<\/span><br \/>\n<span><\/span><\/li>\n<li><span>Brexit und EURATOM<\/span><\/li>\n<\/ul>\n<p>Im Heft bl\u00e4ttern<\/p>\n<\/div>\n<\/div>\n<\/div>\n<div class=\"elementStandard elementContent elementText elementText_var0\"><\/div>","protected":false},"excerpt":{"rendered":"<p>Themen Analyse der gefilterten Containmententlastung Verbesserung der automatisierten Lastflexibilit\u00e4t von KKWs mit ALFC Endlagerung hochradioaktiver Abf\u00e4lle Brexit und EURATOM Im Heft bl\u00e4ttern<\/p>","protected":false},"featured_media":210,"template":"","meta":[],"product_brand":[],"product_cat":[35],"product_tag":[],"class_list":{"0":"post-245","1":"product","2":"type-product","3":"status-publish","4":"has-post-thumbnail","6":"product_cat-themen-und-hefte-2017","8":"first","9":"instock","10":"taxable","11":"shipping-taxable","12":"purchasable","13":"product-type-simple"},"aioseo_notices":[],"_links":{"self":[{"href":"https:\/\/nucmag.com\/en\/wp-json\/wp\/v2\/product\/245","targetHints":{"allow":["GET"]}}],"collection":[{"href":"https:\/\/nucmag.com\/en\/wp-json\/wp\/v2\/product"}],"about":[{"href":"https:\/\/nucmag.com\/en\/wp-json\/wp\/v2\/types\/product"}],"wp:featuredmedia":[{"embeddable":true,"href":"https:\/\/nucmag.com\/en\/wp-json\/wp\/v2\/media\/210"}],"wp:attachment":[{"href":"https:\/\/nucmag.com\/en\/wp-json\/wp\/v2\/media?parent=245"}],"wp:term":[{"taxonomy":"product_brand","embeddable":true,"href":"https:\/\/nucmag.com\/en\/wp-json\/wp\/v2\/product_brand?post=245"},{"taxonomy":"product_cat","embeddable":true,"href":"https:\/\/nucmag.com\/en\/wp-json\/wp\/v2\/product_cat?post=245"},{"taxonomy":"product_tag","embeddable":true,"href":"https:\/\/nucmag.com\/en\/wp-json\/wp\/v2\/product_tag?post=245"}],"curies":[{"name":"wp","href":"https:\/\/api.w.org\/{rel}","templated":true}]}}