{"id":246,"date":"2022-04-03T05:08:49","date_gmt":"2022-04-03T05:08:49","guid":{"rendered":"https:\/\/nucmag.live-website.com\/?post_type=product&#038;p=246"},"modified":"2022-04-03T05:59:18","modified_gmt":"2022-04-03T05:59:18","slug":"atw-februar-2017","status":"publish","type":"product","link":"https:\/\/nucmag.com\/en\/product\/atw-februar-2017\/","title":{"rendered":"atw Februar 2017"},"content":{"rendered":"<div class=\"elementStandard elementContent elementHeadline elementHeadline_var0\" id=\"anchor_fe7f3ec5_Themen\">\n<div class=\"elementStandard elementContent elementHeadline elementHeadline_var0\" id=\"anchor_b9d84786_Themen\">\n<div class=\"elementStandard elementContent elementHeadline elementHeadline_var0\" id=\"anchor_b9d84786_Themen\">\n<h3>Themen<\/h3>\n<\/div>\n<div class=\"elementStandard elementContent elementText elementText_var0\">\n<ul>\n<li><span>Modellierung der Diffusion radioaktiver Isotope in Ton<\/span><br \/>\n<span><\/span><\/li>\n<li><span>Rechnerische Bestimmung und Validierung von Aktivierungsaktivit\u00e4ten f\u00fcr R\u00fcckbau von LWR<\/span><br \/>\n<span><\/span><\/li>\n<li><span>Analyse von Hochdruck-Noteinspeisema\u00dfnahmen mit ATHLET bzgl. Ph\u00e4nomene bei Fukushima-Daiichi<\/span><br \/>\n<span><\/span><\/li>\n<li><span>Chinas Auftritt auf dem weltweiten Nuklearmarkt<\/span><\/li>\n<\/ul>\n<p>Im Heft bl\u00e4ttern<\/p>\n<\/div>\n<\/div>\n<\/div>\n<div class=\"elementStandard elementContent elementText elementText_var0\"><\/div>","protected":false},"excerpt":{"rendered":"<p>Themen Modellierung der Diffusion radioaktiver Isotope in Ton Rechnerische Bestimmung und Validierung von Aktivierungsaktivit\u00e4ten f\u00fcr R\u00fcckbau von LWR Analyse von Hochdruck-Noteinspeisema\u00dfnahmen mit ATHLET bzgl. Ph\u00e4nomene bei Fukushima-Daiichi Chinas Auftritt auf dem weltweiten Nuklearmarkt Im Heft bl\u00e4ttern<\/p>","protected":false},"featured_media":209,"template":"","meta":[],"product_brand":[],"product_cat":[35],"product_tag":[],"class_list":{"0":"post-246","1":"product","2":"type-product","3":"status-publish","4":"has-post-thumbnail","6":"product_cat-themen-und-hefte-2017","8":"first","9":"instock","10":"taxable","11":"shipping-taxable","12":"purchasable","13":"product-type-simple"},"aioseo_notices":[],"_links":{"self":[{"href":"https:\/\/nucmag.com\/en\/wp-json\/wp\/v2\/product\/246","targetHints":{"allow":["GET"]}}],"collection":[{"href":"https:\/\/nucmag.com\/en\/wp-json\/wp\/v2\/product"}],"about":[{"href":"https:\/\/nucmag.com\/en\/wp-json\/wp\/v2\/types\/product"}],"wp:featuredmedia":[{"embeddable":true,"href":"https:\/\/nucmag.com\/en\/wp-json\/wp\/v2\/media\/209"}],"wp:attachment":[{"href":"https:\/\/nucmag.com\/en\/wp-json\/wp\/v2\/media?parent=246"}],"wp:term":[{"taxonomy":"product_brand","embeddable":true,"href":"https:\/\/nucmag.com\/en\/wp-json\/wp\/v2\/product_brand?post=246"},{"taxonomy":"product_cat","embeddable":true,"href":"https:\/\/nucmag.com\/en\/wp-json\/wp\/v2\/product_cat?post=246"},{"taxonomy":"product_tag","embeddable":true,"href":"https:\/\/nucmag.com\/en\/wp-json\/wp\/v2\/product_tag?post=246"}],"curies":[{"name":"wp","href":"https:\/\/api.w.org\/{rel}","templated":true}]}}