{"id":249,"date":"2022-04-03T05:19:11","date_gmt":"2022-04-03T05:19:11","guid":{"rendered":"https:\/\/nucmag.live-website.com\/?post_type=product&#038;p=249"},"modified":"2022-04-03T05:59:02","modified_gmt":"2022-04-03T05:59:02","slug":"atw-november-2016","status":"publish","type":"product","link":"https:\/\/nucmag.com\/en\/product\/atw-november-2016\/","title":{"rendered":"atw November 2016"},"content":{"rendered":"<div class=\"elementStandard elementContent elementHeadline elementHeadline_var0\" id=\"anchor_fe7f3ec5_Themen\">\n<div class=\"elementStandard elementContent elementHeadline elementHeadline_var0\" id=\"anchor_b9d84786_Themen\">\n<div class=\"elementStandard elementContent elementHeadline elementHeadline_var0\" id=\"anchor_b9d84786_Themen\">\n<h3>Themen<\/h3>\n<\/div>\n<div class=\"elementStandard elementContent elementText elementText_var0\">\n<ul>\n<li><span>Kommunikation mit externen Stakeholdern<\/span><br \/>\n<span><\/span><\/li>\n<li><span>Abschirmung eines typischen DWR<\/span><br \/>\n<span><\/span><\/li>\n<li><span>Radioaktive Abf\u00e4lle: Westeuropa und USA<\/span><br \/>\n<span><\/span><\/li>\n<li><span>Modullierung von Cladding unter ver\u00e4nderten Randbedingungen<\/span><br \/>\n<span><\/span><\/li>\n<li><span>Zukunft der Kernenergie in Europa<\/span><\/li>\n<\/ul>\n<p>Im Heft bl\u00e4ttern<\/p>\n<\/div>\n<\/div>\n<\/div>\n<div class=\"elementStandard elementContent elementText elementText_var0\"><\/div>","protected":false},"excerpt":{"rendered":"<p>Themen Kommunikation mit externen Stakeholdern Abschirmung eines typischen DWR Radioaktive Abf\u00e4lle: Westeuropa und USA Modullierung von Cladding unter ver\u00e4nderten Randbedingungen Zukunft der Kernenergie in Europa Im Heft bl\u00e4ttern<\/p>","protected":false},"featured_media":206,"template":"","meta":[],"product_brand":[],"product_cat":[36],"product_tag":[],"class_list":{"0":"post-249","1":"product","2":"type-product","3":"status-publish","4":"has-post-thumbnail","6":"product_cat-themen-und-hefte-2016","8":"first","9":"instock","10":"taxable","11":"shipping-taxable","12":"purchasable","13":"product-type-simple"},"aioseo_notices":[],"_links":{"self":[{"href":"https:\/\/nucmag.com\/en\/wp-json\/wp\/v2\/product\/249","targetHints":{"allow":["GET"]}}],"collection":[{"href":"https:\/\/nucmag.com\/en\/wp-json\/wp\/v2\/product"}],"about":[{"href":"https:\/\/nucmag.com\/en\/wp-json\/wp\/v2\/types\/product"}],"wp:featuredmedia":[{"embeddable":true,"href":"https:\/\/nucmag.com\/en\/wp-json\/wp\/v2\/media\/206"}],"wp:attachment":[{"href":"https:\/\/nucmag.com\/en\/wp-json\/wp\/v2\/media?parent=249"}],"wp:term":[{"taxonomy":"product_brand","embeddable":true,"href":"https:\/\/nucmag.com\/en\/wp-json\/wp\/v2\/product_brand?post=249"},{"taxonomy":"product_cat","embeddable":true,"href":"https:\/\/nucmag.com\/en\/wp-json\/wp\/v2\/product_cat?post=249"},{"taxonomy":"product_tag","embeddable":true,"href":"https:\/\/nucmag.com\/en\/wp-json\/wp\/v2\/product_tag?post=249"}],"curies":[{"name":"wp","href":"https:\/\/api.w.org\/{rel}","templated":true}]}}