{"id":250,"date":"2022-04-03T05:20:15","date_gmt":"2022-04-03T05:20:15","guid":{"rendered":"https:\/\/nucmag.live-website.com\/?post_type=product&#038;p=250"},"modified":"2022-04-03T05:58:56","modified_gmt":"2022-04-03T05:58:56","slug":"atw-oktober-2016","status":"publish","type":"product","link":"https:\/\/nucmag.com\/en\/product\/atw-oktober-2016\/","title":{"rendered":"atw Oktober 2016"},"content":{"rendered":"<div class=\"elementStandard elementContent elementHeadline elementHeadline_var0\" id=\"anchor_fe7f3ec5_Themen\">\n<div class=\"elementStandard elementContent elementHeadline elementHeadline_var0\" id=\"anchor_b9d84786_Themen\">\n<div class=\"elementStandard elementContent elementHeadline elementHeadline_var0\" id=\"anchor_b9d84786_Themen\">\n<h3>Themen<\/h3>\n<\/div>\n<div class=\"elementStandard elementContent elementText elementText_var0\">\n<ul>\n<li><span>Zika-Virus: Unterst\u00fctzungsma\u00dfnahmen der IAEA<\/span><br \/>\n<span><\/span><\/li>\n<li><span>Experten aus Gro\u00dfbritannien zu Hinkley Point C<\/span><br \/>\n<span><\/span><\/li>\n<li><span>Rechtsfragen der Stilllegung und des R\u00fcckbaus<\/span><br \/>\n<span><\/span><\/li>\n<li><span>Endlagerung: Kommission plant f\u00fcr die Zukunft (2)<\/span><br \/>\n<span><\/span><\/li>\n<li><span>Das Nuclear Fuel Bank Projekt<\/span><\/li>\n<\/ul>\n<p>Im Heft bl\u00e4ttern<\/p>\n<\/div>\n<\/div>\n<\/div>\n<div class=\"elementStandard elementContent elementText elementText_var0\"><\/div>","protected":false},"excerpt":{"rendered":"<p>Themen Zika-Virus: Unterst\u00fctzungsma\u00dfnahmen der IAEA Experten aus Gro\u00dfbritannien zu Hinkley Point C Rechtsfragen der Stilllegung und des R\u00fcckbaus Endlagerung: Kommission plant f\u00fcr die Zukunft (2) Das Nuclear Fuel Bank Projekt Im Heft bl\u00e4ttern<\/p>","protected":false},"featured_media":205,"template":"","meta":[],"product_brand":[],"product_cat":[36],"product_tag":[],"class_list":{"0":"post-250","1":"product","2":"type-product","3":"status-publish","4":"has-post-thumbnail","6":"product_cat-themen-und-hefte-2016","8":"first","9":"instock","10":"taxable","11":"shipping-taxable","12":"purchasable","13":"product-type-simple"},"aioseo_notices":[],"_links":{"self":[{"href":"https:\/\/nucmag.com\/en\/wp-json\/wp\/v2\/product\/250","targetHints":{"allow":["GET"]}}],"collection":[{"href":"https:\/\/nucmag.com\/en\/wp-json\/wp\/v2\/product"}],"about":[{"href":"https:\/\/nucmag.com\/en\/wp-json\/wp\/v2\/types\/product"}],"wp:featuredmedia":[{"embeddable":true,"href":"https:\/\/nucmag.com\/en\/wp-json\/wp\/v2\/media\/205"}],"wp:attachment":[{"href":"https:\/\/nucmag.com\/en\/wp-json\/wp\/v2\/media?parent=250"}],"wp:term":[{"taxonomy":"product_brand","embeddable":true,"href":"https:\/\/nucmag.com\/en\/wp-json\/wp\/v2\/product_brand?post=250"},{"taxonomy":"product_cat","embeddable":true,"href":"https:\/\/nucmag.com\/en\/wp-json\/wp\/v2\/product_cat?post=250"},{"taxonomy":"product_tag","embeddable":true,"href":"https:\/\/nucmag.com\/en\/wp-json\/wp\/v2\/product_tag?post=250"}],"curies":[{"name":"wp","href":"https:\/\/api.w.org\/{rel}","templated":true}]}}