{"id":251,"date":"2022-04-03T05:21:26","date_gmt":"2022-04-03T05:21:26","guid":{"rendered":"https:\/\/nucmag.live-website.com\/?post_type=product&#038;p=251"},"modified":"2022-04-03T05:58:51","modified_gmt":"2022-04-03T05:58:51","slug":"atw-august-september-2016","status":"publish","type":"product","link":"https:\/\/nucmag.com\/en\/product\/atw-august-september-2016\/","title":{"rendered":"atw August\/September 2016"},"content":{"rendered":"<div class=\"elementStandard elementContent elementHeadline elementHeadline_var0\" id=\"anchor_fe7f3ec5_Themen\">\n<div class=\"elementStandard elementContent elementHeadline elementHeadline_var0\" id=\"anchor_b9d84786_Themen\">\n<div class=\"elementStandard elementContent elementHeadline elementHeadline_var0\" id=\"anchor_b9d84786_Themen\">\n<h3>Themen<\/h3>\n<\/div>\n<div class=\"elementStandard elementContent elementText elementText_var0\">\n<ul>\n<li><span>Endlagerung \u2013 Kommission plant f\u00fcr die Zukunft<\/span><br \/>\n<span><\/span><\/li>\n<li><span>World Nuclear Performance Report 2016<\/span><br \/>\n<span><\/span><\/li>\n<li><span>Die schwedische \u00dcbereinkunft zur Energiepolitik<\/span><br \/>\n<span><\/span><\/li>\n<li><span>F\u00fchrung und Sicherheitskultur<\/span><br \/>\n<span><\/span><\/li>\n<li><span>CFD-Analyse f\u00fcr ein Blanket-System mit Salzschmelze<\/span>t<\/li>\n<\/ul>\n<p>Im Heft bl\u00e4ttern<\/p>\n<\/div>\n<\/div>\n<\/div>\n<div class=\"elementStandard elementContent elementText elementText_var0\"><\/div>","protected":false},"excerpt":{"rendered":"<p>Themen Endlagerung \u2013 Kommission plant f\u00fcr die Zukunft World Nuclear Performance Report 2016 Die schwedische \u00dcbereinkunft zur Energiepolitik F\u00fchrung und Sicherheitskultur CFD-Analyse f\u00fcr ein Blanket-System mit Salzschmelzet Im Heft bl\u00e4ttern<\/p>","protected":false},"featured_media":204,"template":"","meta":[],"product_brand":[],"product_cat":[36],"product_tag":[],"class_list":{"0":"post-251","1":"product","2":"type-product","3":"status-publish","4":"has-post-thumbnail","6":"product_cat-themen-und-hefte-2016","8":"first","9":"instock","10":"taxable","11":"shipping-taxable","12":"purchasable","13":"product-type-simple"},"aioseo_notices":[],"_links":{"self":[{"href":"https:\/\/nucmag.com\/en\/wp-json\/wp\/v2\/product\/251","targetHints":{"allow":["GET"]}}],"collection":[{"href":"https:\/\/nucmag.com\/en\/wp-json\/wp\/v2\/product"}],"about":[{"href":"https:\/\/nucmag.com\/en\/wp-json\/wp\/v2\/types\/product"}],"wp:featuredmedia":[{"embeddable":true,"href":"https:\/\/nucmag.com\/en\/wp-json\/wp\/v2\/media\/204"}],"wp:attachment":[{"href":"https:\/\/nucmag.com\/en\/wp-json\/wp\/v2\/media?parent=251"}],"wp:term":[{"taxonomy":"product_brand","embeddable":true,"href":"https:\/\/nucmag.com\/en\/wp-json\/wp\/v2\/product_brand?post=251"},{"taxonomy":"product_cat","embeddable":true,"href":"https:\/\/nucmag.com\/en\/wp-json\/wp\/v2\/product_cat?post=251"},{"taxonomy":"product_tag","embeddable":true,"href":"https:\/\/nucmag.com\/en\/wp-json\/wp\/v2\/product_tag?post=251"}],"curies":[{"name":"wp","href":"https:\/\/api.w.org\/{rel}","templated":true}]}}