{"id":252,"date":"2022-04-03T05:22:28","date_gmt":"2022-04-03T05:22:28","guid":{"rendered":"https:\/\/nucmag.live-website.com\/?post_type=product&#038;p=252"},"modified":"2022-04-03T05:58:44","modified_gmt":"2022-04-03T05:58:44","slug":"atw-juli-2016","status":"publish","type":"product","link":"https:\/\/nucmag.com\/en\/product\/atw-juli-2016\/","title":{"rendered":"atw Juli 2016"},"content":{"rendered":"<div class=\"elementStandard elementContent elementHeadline elementHeadline_var0\" id=\"anchor_fe7f3ec5_Themen\">\n<div class=\"elementStandard elementContent elementHeadline elementHeadline_var0\" id=\"anchor_b9d84786_Themen\">\n<div class=\"elementStandard elementContent elementHeadline elementHeadline_var0\" id=\"anchor_b9d84786_Themen\">\n<h3>Themen<\/h3>\n<\/div>\n<div class=\"elementStandard elementContent elementText elementText_var0\">\n<ul>\n<li><span>AMNT 2016: Um Kern und Kohle \u2013 Rede des Tschechischen Botschafters<\/span><br \/>\n<span><\/span><\/li>\n<li><span>Reaktorbau am Beispiel der Rechtslage in Polen<\/span><br \/>\n<span><\/span><\/li>\n<li><span>SAMS mittels Entscheidungsb\u00e4umen<\/span><br \/>\n<span><\/span><\/li>\n<li><span>Das Untertagelabor Mont Terri<\/span><br \/>\n<span><\/span><\/li>\n<li><span>Programm f\u00fcr sicherheitstechnisch optimierten Brennstoff<\/span><\/li>\n<\/ul>\n<p>Im Heft bl\u00e4ttern<\/p>\n<\/div>\n<\/div>\n<\/div>\n<div class=\"elementStandard elementContent elementText elementText_var0\"><\/div>","protected":false},"excerpt":{"rendered":"<p>Themen AMNT 2016: Um Kern und Kohle \u2013 Rede des Tschechischen Botschafters Reaktorbau am Beispiel der Rechtslage in Polen SAMS mittels Entscheidungsb\u00e4umen Das Untertagelabor Mont Terri Programm f\u00fcr sicherheitstechnisch optimierten Brennstoff Im Heft bl\u00e4ttern<\/p>","protected":false},"featured_media":203,"template":"","meta":[],"product_brand":[],"product_cat":[36],"product_tag":[],"class_list":{"0":"post-252","1":"product","2":"type-product","3":"status-publish","4":"has-post-thumbnail","6":"product_cat-themen-und-hefte-2016","8":"first","9":"instock","10":"taxable","11":"shipping-taxable","12":"purchasable","13":"product-type-simple"},"aioseo_notices":[],"_links":{"self":[{"href":"https:\/\/nucmag.com\/en\/wp-json\/wp\/v2\/product\/252","targetHints":{"allow":["GET"]}}],"collection":[{"href":"https:\/\/nucmag.com\/en\/wp-json\/wp\/v2\/product"}],"about":[{"href":"https:\/\/nucmag.com\/en\/wp-json\/wp\/v2\/types\/product"}],"wp:featuredmedia":[{"embeddable":true,"href":"https:\/\/nucmag.com\/en\/wp-json\/wp\/v2\/media\/203"}],"wp:attachment":[{"href":"https:\/\/nucmag.com\/en\/wp-json\/wp\/v2\/media?parent=252"}],"wp:term":[{"taxonomy":"product_brand","embeddable":true,"href":"https:\/\/nucmag.com\/en\/wp-json\/wp\/v2\/product_brand?post=252"},{"taxonomy":"product_cat","embeddable":true,"href":"https:\/\/nucmag.com\/en\/wp-json\/wp\/v2\/product_cat?post=252"},{"taxonomy":"product_tag","embeddable":true,"href":"https:\/\/nucmag.com\/en\/wp-json\/wp\/v2\/product_tag?post=252"}],"curies":[{"name":"wp","href":"https:\/\/api.w.org\/{rel}","templated":true}]}}