{"id":253,"date":"2022-04-03T05:23:29","date_gmt":"2022-04-03T05:23:29","guid":{"rendered":"https:\/\/nucmag.live-website.com\/?post_type=product&#038;p=253"},"modified":"2022-04-03T05:58:39","modified_gmt":"2022-04-03T05:58:39","slug":"atw-juni-2016","status":"publish","type":"product","link":"https:\/\/nucmag.com\/en\/product\/atw-juni-2016\/","title":{"rendered":"atw Juni 2016"},"content":{"rendered":"<div class=\"elementStandard elementContent elementHeadline elementHeadline_var0\" id=\"anchor_fe7f3ec5_Themen\">\n<div class=\"elementStandard elementContent elementHeadline elementHeadline_var0\" id=\"anchor_b9d84786_Themen\">\n<div class=\"elementStandard elementContent elementHeadline elementHeadline_var0\" id=\"anchor_b9d84786_Themen\">\n<h3>Themen<\/h3>\n<\/div>\n<div class=\"elementStandard elementContent elementText elementText_var0\">\n<ul>\n<li><span>AMNT 2016: Er\u00f6ffnungsansprache<\/span><br \/>\n<span><\/span><\/li>\n<li><span>Radiologische Charakterisierung von Abf\u00e4llen<\/span><br \/>\n<span><\/span><\/li>\n<li><span>Kernenergie als Bestandteil der Dekarbonisierung<\/span><br \/>\n<span><\/span><\/li>\n<li><span>Stilllegung und R\u00fcckbau der Rossendorfer Isotopenproduktion<\/span><br \/>\n<span><\/span><\/li>\n<li><span>Dampfkondensation in unterk\u00fchltem Wasser<\/span><\/li>\n<\/ul>\n<p>Im Heft bl\u00e4ttern<\/p>\n<\/div>\n<\/div>\n<\/div>\n<div class=\"elementStandard elementContent elementText elementText_var0\"><\/div>","protected":false},"excerpt":{"rendered":"<p>Themen AMNT 2016: Er\u00f6ffnungsansprache Radiologische Charakterisierung von Abf\u00e4llen Kernenergie als Bestandteil der Dekarbonisierung Stilllegung und R\u00fcckbau der Rossendorfer Isotopenproduktion Dampfkondensation in unterk\u00fchltem Wasser Im Heft bl\u00e4ttern<\/p>","protected":false},"featured_media":202,"template":"","meta":[],"product_brand":[],"product_cat":[36],"product_tag":[],"class_list":{"0":"post-253","1":"product","2":"type-product","3":"status-publish","4":"has-post-thumbnail","6":"product_cat-themen-und-hefte-2016","8":"first","9":"instock","10":"taxable","11":"shipping-taxable","12":"purchasable","13":"product-type-simple"},"aioseo_notices":[],"_links":{"self":[{"href":"https:\/\/nucmag.com\/en\/wp-json\/wp\/v2\/product\/253","targetHints":{"allow":["GET"]}}],"collection":[{"href":"https:\/\/nucmag.com\/en\/wp-json\/wp\/v2\/product"}],"about":[{"href":"https:\/\/nucmag.com\/en\/wp-json\/wp\/v2\/types\/product"}],"wp:featuredmedia":[{"embeddable":true,"href":"https:\/\/nucmag.com\/en\/wp-json\/wp\/v2\/media\/202"}],"wp:attachment":[{"href":"https:\/\/nucmag.com\/en\/wp-json\/wp\/v2\/media?parent=253"}],"wp:term":[{"taxonomy":"product_brand","embeddable":true,"href":"https:\/\/nucmag.com\/en\/wp-json\/wp\/v2\/product_brand?post=253"},{"taxonomy":"product_cat","embeddable":true,"href":"https:\/\/nucmag.com\/en\/wp-json\/wp\/v2\/product_cat?post=253"},{"taxonomy":"product_tag","embeddable":true,"href":"https:\/\/nucmag.com\/en\/wp-json\/wp\/v2\/product_tag?post=253"}],"curies":[{"name":"wp","href":"https:\/\/api.w.org\/{rel}","templated":true}]}}