{"id":257,"date":"2022-04-03T05:28:16","date_gmt":"2022-04-03T05:28:16","guid":{"rendered":"https:\/\/nucmag.live-website.com\/?post_type=product&#038;p=257"},"modified":"2022-04-03T05:58:15","modified_gmt":"2022-04-03T05:58:15","slug":"atw-februar-2016","status":"publish","type":"product","link":"https:\/\/nucmag.com\/en\/product\/atw-februar-2016\/","title":{"rendered":"atw Februar 2016"},"content":{"rendered":"<div class=\"elementStandard elementContent elementHeadline elementHeadline_var0\" id=\"anchor_fe7f3ec5_Themen\">\n<div class=\"elementStandard elementContent elementHeadline elementHeadline_var0\" id=\"anchor_b9d84786_Themen\">\n<div class=\"elementStandard elementContent elementHeadline elementHeadline_var0\" id=\"anchor_b9d84786_Themen\">\n<h3>Themen<\/h3>\n<\/div>\n<div class=\"elementStandard elementContent elementText elementText_var0\">\n<ul>\n<li><span>Deutsches Regelwerks angesichts der Entwicklungen weltweit<\/span><br \/>\n<span><\/span><\/li>\n<li><span>Sicherheitsanalyse mit RETRAN f\u00fcr den OPR1000<\/span><br \/>\n<span><\/span><\/li>\n<li><span>Gefilterte Druckentlastung<\/span><br \/>\n<span><\/span><\/li>\n<li><span>Kernkraftwerke: Sicherer und effizienter R\u00fcckbau<\/span><br \/>\n<span><\/span><\/li>\n<li><span>Finnland sieht Fortschritte bei wichtigen Nuklearprojekten<\/span><\/li>\n<\/ul>\n<p>Im Heft bl\u00e4ttern<\/p>\n<\/div>\n<\/div>\n<\/div>\n<div class=\"elementStandard elementContent elementText elementText_var0\"><\/div>","protected":false},"excerpt":{"rendered":"<p>Themen Deutsches Regelwerks angesichts der Entwicklungen weltweit Sicherheitsanalyse mit RETRAN f\u00fcr den OPR1000 Gefilterte Druckentlastung Kernkraftwerke: Sicherer und effizienter R\u00fcckbau Finnland sieht Fortschritte bei wichtigen Nuklearprojekten Im Heft bl\u00e4ttern<\/p>","protected":false},"featured_media":198,"template":"","meta":[],"product_brand":[],"product_cat":[36],"product_tag":[],"class_list":{"0":"post-257","1":"product","2":"type-product","3":"status-publish","4":"has-post-thumbnail","6":"product_cat-themen-und-hefte-2016","8":"first","9":"instock","10":"taxable","11":"shipping-taxable","12":"purchasable","13":"product-type-simple"},"aioseo_notices":[],"_links":{"self":[{"href":"https:\/\/nucmag.com\/en\/wp-json\/wp\/v2\/product\/257","targetHints":{"allow":["GET"]}}],"collection":[{"href":"https:\/\/nucmag.com\/en\/wp-json\/wp\/v2\/product"}],"about":[{"href":"https:\/\/nucmag.com\/en\/wp-json\/wp\/v2\/types\/product"}],"wp:featuredmedia":[{"embeddable":true,"href":"https:\/\/nucmag.com\/en\/wp-json\/wp\/v2\/media\/198"}],"wp:attachment":[{"href":"https:\/\/nucmag.com\/en\/wp-json\/wp\/v2\/media?parent=257"}],"wp:term":[{"taxonomy":"product_brand","embeddable":true,"href":"https:\/\/nucmag.com\/en\/wp-json\/wp\/v2\/product_brand?post=257"},{"taxonomy":"product_cat","embeddable":true,"href":"https:\/\/nucmag.com\/en\/wp-json\/wp\/v2\/product_cat?post=257"},{"taxonomy":"product_tag","embeddable":true,"href":"https:\/\/nucmag.com\/en\/wp-json\/wp\/v2\/product_tag?post=257"}],"curies":[{"name":"wp","href":"https:\/\/api.w.org\/{rel}","templated":true}]}}