{"id":729,"date":"2024-12-08T08:47:48","date_gmt":"2024-12-08T08:47:48","guid":{"rendered":"https:\/\/nucmag.com\/?post_type=product&#038;p=729"},"modified":"2024-12-08T09:11:30","modified_gmt":"2024-12-08T09:11:30","slug":"atw-6-2022","status":"publish","type":"product","link":"https:\/\/nucmag.com\/en\/product\/atw-6-2022\/","title":{"rendered":"atw 6-2022"},"content":{"rendered":"<div class=\"elementStandard elementContent elementHeadline elementHeadline_var0\" id=\"anchor_fe7f3ec5_Themen\">\n<div class=\"elementStandard elementContent elementHeadline elementHeadline_var0\" id=\"anchor_b9d84786_Themen\">\n<div class=\"elementStandard elementContent elementHeadline elementHeadline_var0\" id=\"anchor_b9d84786_Themen\">\n<h3>Themen<\/h3>\n<\/div>\n<div class=\"elementStandard elementContent elementText elementText_var0\">\n<ul>\n<li>atw 06 &#8211; 2022 &#8211; Der Erhalt von 6 Kernkraftwerken k\u00f6nnte den Gro\u00dfhandelspreis f\u00fcr Strom um die H\u00e4lfte absenken<\/li>\n<\/ul>\n<p>Im Heft bl\u00e4ttern<\/p>\n<\/div>\n<\/div>\n<\/div>\n<div class=\"elementStandard elementContent elementText elementText_var0\"><\/div>","protected":false},"excerpt":{"rendered":"<p>Themen atw 06 &#8211; 2022 &#8211; Der Erhalt von 6 Kernkraftwerken k\u00f6nnte den Gro\u00dfhandelspreis f\u00fcr Strom um die H\u00e4lfte absenken Im Heft bl\u00e4ttern<\/p>","protected":false},"featured_media":730,"template":"","meta":[],"product_brand":[],"product_cat":[114,105],"product_tag":[],"class_list":{"0":"post-729","1":"product","2":"type-product","3":"status-publish","4":"has-post-thumbnail","6":"product_cat-atw-6-2022-hefte-themen-2022","7":"product_cat-hefte-themen-2022","9":"first","10":"instock","11":"taxable","12":"shipping-taxable","13":"purchasable","14":"product-type-simple"},"aioseo_notices":[],"_links":{"self":[{"href":"https:\/\/nucmag.com\/en\/wp-json\/wp\/v2\/product\/729","targetHints":{"allow":["GET"]}}],"collection":[{"href":"https:\/\/nucmag.com\/en\/wp-json\/wp\/v2\/product"}],"about":[{"href":"https:\/\/nucmag.com\/en\/wp-json\/wp\/v2\/types\/product"}],"wp:featuredmedia":[{"embeddable":true,"href":"https:\/\/nucmag.com\/en\/wp-json\/wp\/v2\/media\/730"}],"wp:attachment":[{"href":"https:\/\/nucmag.com\/en\/wp-json\/wp\/v2\/media?parent=729"}],"wp:term":[{"taxonomy":"product_brand","embeddable":true,"href":"https:\/\/nucmag.com\/en\/wp-json\/wp\/v2\/product_brand?post=729"},{"taxonomy":"product_cat","embeddable":true,"href":"https:\/\/nucmag.com\/en\/wp-json\/wp\/v2\/product_cat?post=729"},{"taxonomy":"product_tag","embeddable":true,"href":"https:\/\/nucmag.com\/en\/wp-json\/wp\/v2\/product_tag?post=729"}],"curies":[{"name":"wp","href":"https:\/\/api.w.org\/{rel}","templated":true}]}}