{"id":804,"date":"2024-12-08T10:15:10","date_gmt":"2024-12-08T10:15:10","guid":{"rendered":"https:\/\/nucmag.com\/?post_type=product&#038;p=804"},"modified":"2024-12-08T10:15:55","modified_gmt":"2024-12-08T10:15:55","slug":"atw-6-2024","status":"publish","type":"product","link":"https:\/\/nucmag.com\/en\/product\/atw-6-2024\/","title":{"rendered":"atw 6-2024"},"content":{"rendered":"<div class=\"elementStandard elementContent elementHeadline elementHeadline_var0\" id=\"anchor_fe7f3ec5_Themen\">\n<div class=\"elementStandard elementContent elementHeadline elementHeadline_var0\" id=\"anchor_b9d84786_Themen\">\n<div class=\"elementStandard elementContent elementHeadline elementHeadline_var0\" id=\"anchor_b9d84786_Themen\">\n<h3>Themen<\/h3>\n<\/div>\n<div class=\"elementStandard elementContent elementText elementText_var0\">\n<ul>\n<li>atw 06 &#8211; 2024 &#8211; Die Herausforderung der Systemstabilit\u00e4t: Wie der \u00dcbergang zu erneuerbaren Energien unser Stromnetz revolutioniert &#8211; und welche Risiken dabei drohen<\/li>\n<\/ul>\n<p>Im Heft bl\u00e4ttern<\/p>\n<\/div>\n<\/div>\n<\/div>\n<div class=\"elementStandard elementContent elementText elementText_var0\"><\/div>","protected":false},"excerpt":{"rendered":"<p>Themen atw 06 &#8211; 2024 &#8211; Die Herausforderung der Systemstabilit\u00e4t: Wie der \u00dcbergang zu erneuerbaren Energien unser Stromnetz revolutioniert &#8211; und welche Risiken dabei drohen Im Heft bl\u00e4ttern<\/p>","protected":false},"featured_media":805,"template":"","meta":[],"product_brand":[],"product_cat":[122,108],"product_tag":[],"class_list":{"0":"post-804","1":"product","2":"type-product","3":"status-publish","4":"has-post-thumbnail","6":"product_cat-atw-6-2024","7":"product_cat-themen-und-hefte-2024","9":"first","10":"instock","11":"taxable","12":"shipping-taxable","13":"purchasable","14":"product-type-simple"},"aioseo_notices":[],"_links":{"self":[{"href":"https:\/\/nucmag.com\/en\/wp-json\/wp\/v2\/product\/804","targetHints":{"allow":["GET"]}}],"collection":[{"href":"https:\/\/nucmag.com\/en\/wp-json\/wp\/v2\/product"}],"about":[{"href":"https:\/\/nucmag.com\/en\/wp-json\/wp\/v2\/types\/product"}],"wp:featuredmedia":[{"embeddable":true,"href":"https:\/\/nucmag.com\/en\/wp-json\/wp\/v2\/media\/805"}],"wp:attachment":[{"href":"https:\/\/nucmag.com\/en\/wp-json\/wp\/v2\/media?parent=804"}],"wp:term":[{"taxonomy":"product_brand","embeddable":true,"href":"https:\/\/nucmag.com\/en\/wp-json\/wp\/v2\/product_brand?post=804"},{"taxonomy":"product_cat","embeddable":true,"href":"https:\/\/nucmag.com\/en\/wp-json\/wp\/v2\/product_cat?post=804"},{"taxonomy":"product_tag","embeddable":true,"href":"https:\/\/nucmag.com\/en\/wp-json\/wp\/v2\/product_tag?post=804"}],"curies":[{"name":"wp","href":"https:\/\/api.w.org\/{rel}","templated":true}]}}