{"id":813,"date":"2024-12-08T10:57:02","date_gmt":"2024-12-08T10:57:02","guid":{"rendered":"https:\/\/nucmag.com\/?post_type=product&#038;p=813"},"modified":"2024-12-08T11:04:20","modified_gmt":"2024-12-08T11:04:20","slug":"jahrgang-2022","status":"publish","type":"product","link":"https:\/\/nucmag.com\/en\/product\/jahrgang-2022\/","title":{"rendered":"Jahrgang 2022"},"content":{"rendered":"<p><span>Die atw berichtet in Fachbeitr\u00e4gen, Hintergrundberichten, Interviews und Nachrichten \u00fcber Entwicklungen und Trends aus allen wichtigen Bereichen der Kernenergietechnik und -wirtschaft. Internationale Aktualit\u00e4t und Kompetenz machen die 6 Mal im Jahr erscheinende Zeitschrift atw zu einer wertvollen Informationsquelle.<\/span><\/p>","protected":false},"excerpt":{"rendered":"<p>atw 01 &#8211; 2022 &#8211; Augmented and Rirtual Reality in der Kerntechnik<\/p>\n<p>atw 02 &#8211; 2022 &#8211;\u00a0 EU Taxonomie f\u00fcr nachhaltiges Finanzwesen<\/p>\n<p>atw 03 &#8211; 2022 &#8211; Die Deutsche Energiepolitik nach dem 24. Februar 2022<\/p>\n<p>atw 04 &#8211; 2022 &#8211; Jenseits der Stromerzeugung &#8211; vielf\u00e4ltiger Nutzend er Kerntechnik<\/p>\n<p>atw 05 &#8211; 2022 &#8211; Der Streckenbetrieb &#8211; Wie funktioniert er und warum eigentlich?<\/p>\n<p>atw 06 &#8211; 2022 &#8211; Der Erhalt von 6 Kernkraftwerken k\u00f6nnte den Gro\u00dfhandelspreis f\u00fcr Strom um die H\u00e4lfte absenken<\/p>\n<p>&nbsp;<\/p>","protected":false},"featured_media":732,"template":"","meta":[],"product_brand":[],"product_cat":[130],"product_tag":[],"class_list":{"0":"post-813","1":"product","2":"type-product","3":"status-publish","4":"has-post-thumbnail","6":"product_cat-jahrgang-2022","8":"first","9":"instock","10":"taxable","11":"shipping-taxable","12":"purchasable","13":"product-type-simple"},"aioseo_notices":[],"_links":{"self":[{"href":"https:\/\/nucmag.com\/en\/wp-json\/wp\/v2\/product\/813","targetHints":{"allow":["GET"]}}],"collection":[{"href":"https:\/\/nucmag.com\/en\/wp-json\/wp\/v2\/product"}],"about":[{"href":"https:\/\/nucmag.com\/en\/wp-json\/wp\/v2\/types\/product"}],"wp:featuredmedia":[{"embeddable":true,"href":"https:\/\/nucmag.com\/en\/wp-json\/wp\/v2\/media\/732"}],"wp:attachment":[{"href":"https:\/\/nucmag.com\/en\/wp-json\/wp\/v2\/media?parent=813"}],"wp:term":[{"taxonomy":"product_brand","embeddable":true,"href":"https:\/\/nucmag.com\/en\/wp-json\/wp\/v2\/product_brand?post=813"},{"taxonomy":"product_cat","embeddable":true,"href":"https:\/\/nucmag.com\/en\/wp-json\/wp\/v2\/product_cat?post=813"},{"taxonomy":"product_tag","embeddable":true,"href":"https:\/\/nucmag.com\/en\/wp-json\/wp\/v2\/product_tag?post=813"}],"curies":[{"name":"wp","href":"https:\/\/api.w.org\/{rel}","templated":true}]}}